{"id":55,"date":"2016-06-12T12:34:28","date_gmt":"2016-06-12T12:34:28","guid":{"rendered":"http:\/\/ing-usp.at\/?page_id=55"},"modified":"2022-09-26T09:25:54","modified_gmt":"2022-09-26T09:25:54","slug":"impressum","status":"publish","type":"page","link":"http:\/\/ing-usp.at\/?page_id=55","title":{"rendered":"Impressum"},"content":{"rendered":"<p>Ing. USP GmbH<\/p>\n<p>Ing. Ulrike Schwarz-Provilij, MSc<\/p>\n<p>Ingenieurb\u00fcro f\u00fcr Bauphysik &#8211; Fenster, T\u00fcren Handel<\/p>\n<p>Am Wagram 15<\/p>\n<p>2232 Deutsch-Wagram<\/p>\n<p>UID: ATU17819608<\/p>\n<p>FN: 72275m<\/p>\n<p>Landesgericht Korneuburg<\/p>\n<p>Tel: +43\/676\/3061664<\/p>\n<p>E-Mail: office@ing-usp.at<\/p>\n<p>Web: www.ing-usp.at<\/p>\n<p>Mitglied der WKN\u00d6<\/p>\n<p><a href=\"https:\/\/www.wkoecg.at\/Web\/Ecg.aspx?FirmaID=2edde737-6df1-4fb2-b8c4-0c1e7153f4ac\" target=\"_blank\" rel=\"noopener\"><img style=\"border: 0px;\" src=\"https:\/\/www.wkoecg.at\/Web\/Library\/img\/ecg.gif\" alt=\"Informationen zu E-Commerce und Mediengesetz\" \/><\/a><\/p>\n","protected":false},"excerpt":{"rendered":"<p> [&hellip;]<\/p>\n","protected":false},"author":1,"featured_media":0,"parent":0,"menu_order":0,"comment_status":"closed","ping_status":"closed","template":"","meta":[],"_links":{"self":[{"href":"http:\/\/ing-usp.at\/index.php?rest_route=\/wp\/v2\/pages\/55"}],"collection":[{"href":"http:\/\/ing-usp.at\/index.php?rest_route=\/wp\/v2\/pages"}],"about":[{"href":"http:\/\/ing-usp.at\/index.php?rest_route=\/wp\/v2\/types\/page"}],"author":[{"embeddable":true,"href":"http:\/\/ing-usp.at\/index.php?rest_route=\/wp\/v2\/users\/1"}],"replies":[{"embeddable":true,"href":"http:\/\/ing-usp.at\/index.php?rest_route=%2Fwp%2Fv2%2Fcomments&post=55"}],"version-history":[{"count":6,"href":"http:\/\/ing-usp.at\/index.php?rest_route=\/wp\/v2\/pages\/55\/revisions"}],"predecessor-version":[{"id":213,"href":"http:\/\/ing-usp.at\/index.php?rest_route=\/wp\/v2\/pages\/55\/revisions\/213"}],"wp:attachment":[{"href":"http:\/\/ing-usp.at\/index.php?rest_route=%2Fwp%2Fv2%2Fmedia&parent=55"}],"curies":[{"name":"wp","href":"https:\/\/api.w.org\/{rel}","templated":true}]}}