{"id":91,"date":"2017-02-08T11:15:07","date_gmt":"2017-02-08T11:15:07","guid":{"rendered":"http:\/\/ing-usp.at\/?page_id=91"},"modified":"2018-01-19T21:59:29","modified_gmt":"2018-01-19T21:59:29","slug":"ueber-mich","status":"publish","type":"page","link":"http:\/\/ing-usp.at\/?page_id=91","title":{"rendered":"\u00dcber mich"},"content":{"rendered":"<h4>LEBENSLAUF<\/h4>\n<p>Ing. Ulrike Schwarz-Provilij, MSc <img loading=\"lazy\" class=\" wp-image-95 alignright\" src=\"http:\/\/ing-usp.at\/wp-content\/uploads\/2017\/02\/Ulrike2-1-257x300.jpg\" alt=\"\" width=\"105\" height=\"123\" srcset=\"http:\/\/ing-usp.at\/wp-content\/uploads\/2017\/02\/Ulrike2-1-257x300.jpg 257w, http:\/\/ing-usp.at\/wp-content\/uploads\/2017\/02\/Ulrike2-1.jpg 709w\" sizes=\"(max-width: 105px) 100vw, 105px\" \/><\/p>\n<p>geb. 09.08.1975, Wien<\/p>\n<p>verheiratet, 2 Kinder<\/p>\n<h5>Ausbildung, Qualifikation<\/h5>\n<table>\n<tbody>\n<tr>\n<td width=\"104\">1989 &#8211; 1994<\/td>\n<td width=\"500\">Handelsakademie G\u00e4nserndorf<\/td>\n<\/tr>\n<tr>\n<td width=\"104\">1994 &#8211; 1996<\/td>\n<td width=\"500\">HTL Hochbau Wien III Leberstra\u00dfe<\/td>\n<\/tr>\n<tr>\n<td width=\"104\">1997 &#8211; 2001<\/td>\n<td width=\"500\">BauWerkstatt Bau-, Planungs GmbH, Wien 13<\/td>\n<\/tr>\n<tr>\n<td width=\"104\">1999 &#8211; 2001<\/td>\n<td width=\"500\">HTL Holztechnik M\u00f6dling<\/td>\n<\/tr>\n<tr>\n<td width=\"104\">2000 &#8211; 2007<\/td>\n<td width=\"500\">Gesch\u00e4ftsf\u00fchrer Holzbetriebe Vogl-Schwarz GmbH Bautischlerei, 2232 D.-Wagram<\/td>\n<\/tr>\n<tr>\n<td width=\"104\">2002 &#8211; 2006<\/td>\n<td width=\"500\">Fachseminare: Fenster, T\u00fcren, Management, Unternehmensf\u00fchrung, uvm<\/td>\n<\/tr>\n<tr>\n<td width=\"104\">2003<\/td>\n<td width=\"500\">Ausbildung: Green Academy &#8211; \u00d6kologisches Bauen f\u00fcr Handwerker<\/td>\n<\/tr>\n<tr>\n<td width=\"104\">2005<\/td>\n<td width=\"500\">Ausbildung: KMU Buisness Class Training St. P\u00f6lten<\/td>\n<\/tr>\n<tr>\n<td width=\"104\">2008 &#8211; 2015<\/td>\n<td width=\"500\">Gesch\u00e4ftsf\u00fchrer Schwarz Handels GmbH<br \/>\nFenster-, und T\u00fcren Handel, 2232 D.-Wagram<\/td>\n<\/tr>\n<tr>\n<td width=\"104\">2007 &#8211; 2009<\/td>\n<td width=\"500\">Masterstudium Building Science: Solararchitektur<br \/>\nDonau Universit\u00e4t Krems<\/td>\n<\/tr>\n<tr>\n<td width=\"104\">2009<\/td>\n<td width=\"500\">Aspekt Bauplanung und Projektmanagement, Wien 15<\/td>\n<\/tr>\n<tr>\n<td width=\"104\">2009 &#8211; 2015<\/td>\n<td width=\"500\">BauXund Forschung &amp; Beratung GmbH, Wien 3<\/td>\n<\/tr>\n<tr>\n<td width=\"104\">2010<\/td>\n<td width=\"500\">Bef\u00e4higungspr\u00fcfung Ingenieurb\u00fcro (Beratende Ingenieure) Bauphysik<\/td>\n<\/tr>\n<tr>\n<td width=\"104\">2013<\/td>\n<td width=\"500\">Ausbildung zur Fachkraft f\u00fcr Luftdichtheitspr\u00fcfungen<br \/>\nvon Geb\u00e4uden gem. ICO\/IEC 17024<\/td>\n<\/tr>\n<tr>\n<td width=\"104\">2014<\/td>\n<td width=\"500\">Ausbildung zur Fachkraft f\u00fcr die Vermeidung, Beurteilung und Sanierung von Schimmelpilzsch\u00e4den in Geb\u00e4uden gem. ISO\/IEC 17024<\/td>\n<\/tr>\n<tr>\n<td width=\"104\">2015<\/td>\n<td width=\"500\">Gesch\u00e4ftsf\u00fchrung Ing. USP GmbH<br \/>\nIngenieurb\u00fcro Bauphysik, Fenster u. T\u00fcren Handel, 2232 D.-Wagram<\/td>\n<\/tr>\n<tr>\n<td width=\"104\">seit 2016<\/td>\n<td width=\"500\">im Vorstand des Bundesverbandes f\u00fcr Schimmelsanierung und technische Bauteiltrocknung<br \/>\nwww.bv-schimmel.at<\/td>\n<\/tbody>\n<\/table>\n","protected":false},"excerpt":{"rendered":"<p> [&hellip;]<\/p>\n","protected":false},"author":1,"featured_media":0,"parent":0,"menu_order":0,"comment_status":"closed","ping_status":"closed","template":"","meta":[],"_links":{"self":[{"href":"http:\/\/ing-usp.at\/index.php?rest_route=\/wp\/v2\/pages\/91"}],"collection":[{"href":"http:\/\/ing-usp.at\/index.php?rest_route=\/wp\/v2\/pages"}],"about":[{"href":"http:\/\/ing-usp.at\/index.php?rest_route=\/wp\/v2\/types\/page"}],"author":[{"embeddable":true,"href":"http:\/\/ing-usp.at\/index.php?rest_route=\/wp\/v2\/users\/1"}],"replies":[{"embeddable":true,"href":"http:\/\/ing-usp.at\/index.php?rest_route=%2Fwp%2Fv2%2Fcomments&post=91"}],"version-history":[{"count":17,"href":"http:\/\/ing-usp.at\/index.php?rest_route=\/wp\/v2\/pages\/91\/revisions"}],"predecessor-version":[{"id":178,"href":"http:\/\/ing-usp.at\/index.php?rest_route=\/wp\/v2\/pages\/91\/revisions\/178"}],"wp:attachment":[{"href":"http:\/\/ing-usp.at\/index.php?rest_route=%2Fwp%2Fv2%2Fmedia&parent=91"}],"curies":[{"name":"wp","href":"https:\/\/api.w.org\/{rel}","templated":true}]}}